{"id":10859,"date":"2020-06-17T10:55:22","date_gmt":"2020-06-17T10:55:22","guid":{"rendered":"https:\/\/www.ticketswhales.com\/?page_id=10859"},"modified":"2021-12-03T01:01:16","modified_gmt":"2021-12-03T01:01:16","slug":"online-booking","status":"publish","type":"page","link":"https:\/\/birdwatchinguide.com\/et\/veebipohine-broneerimine\/","title":{"rendered":"Online broneerimine"},"content":{"rendered":"<div class=\"vc_row wpb_row vc_row-fluid vc_row-o-content-middle vc_row-flex mkdf-content-aligment-center\" ><div class=\"wpb_column vc_column_container vc_col-sm-12\"><div class=\"vc_column-inner vc_custom_1592676876868\"><div class=\"wpb_wrapper\"><div class=\"mkdf-section-title-holder\" style=\"text-align: center\">\n\t<div class=\"mkdf-st-inner\">\n\t\t\t\t\t<h5 class=\"mkdf-st-subtitle\" >\n\t\t\t\tSilven Internationali poolt\t\t\t<\/h5>\n\t\t\t\t\t\t\t<h3 class=\"mkdf-st-title\" style=\"color: #000000\">\n\t\t\t\tOnline broneerimisjuhend\t\t\t<\/h3>\n\t\t\t\t\t<\/div>\n<\/div><\/div><\/div><\/div><\/div><div class=\"mkdf-row-grid-section-wrapper\"  style=\"background-color:#e5e5e5\"><div class=\"mkdf-row-grid-section\"><div class=\"vc_row wpb_row vc_row-fluid vc_custom_1592767741612\" ><div class=\"wpb_column vc_column_container vc_col-sm-6\"><div class=\"vc_column-inner\"><div class=\"wpb_wrapper\">\n\t<div  class=\"wpb_single_image wpb_content_element vc_align_left\">\n\t\t\n\t\t<figure class=\"wpb_wrapper vc_figure\">\n\t\t\t<div class=\"vc_single_image-wrapper   vc_box_border_grey\"><img loading=\"lazy\" decoding=\"async\" class=\"vc_single_image-img\" src=\"https:\/\/birdwatchinguide.com\/wp-content\/uploads\/2017\/08\/86489070-400x300.jpg\" width=\"400\" height=\"300\" alt=\"86489070\" title=\"86489070\" \/><\/div>\n\t\t<\/figure>\n\t<\/div>\n<\/div><\/div><\/div><div class=\"wpb_column vc_column_container vc_col-sm-6\"><div class=\"vc_column-inner vc_custom_1592677186677\"><div class=\"wpb_wrapper\">\n\t<div class=\"wpb_text_column wpb_content_element  vc_custom_1592691032944\" >\n\t\t<div class=\"wpb_wrapper\">\n\t\t\t<h5>Kiired lingid:<\/h5>\n<h5 style=\"text-align: left;\"><em><span style=\"color: #ffffff;\"><a style=\"color: #ff681a;\" href=\"#book\">1. Kuidas teha broneeringuid<\/a><\/span><\/em><\/h5>\n<h5 style=\"text-align: left;\"><a href=\"#advantage\"><em><span style=\"color: #ff681a;\">2. Online broneerimise eelised<\/span><\/em><\/a><\/h5>\n<h5 style=\"text-align: left;\"><em><span style=\"color: #ff681a;\"><a style=\"color: #ff681a;\" href=\"#payment\">3. Makseviisid<\/a><\/span><\/em><\/h5>\n\n\t\t<\/div>\n\t<\/div>\n<\/div><\/div><\/div><\/div><\/div><\/div><div class=\"vc_row wpb_row vc_row-fluid\" ><div class=\"wpb_column vc_column_container vc_col-sm-12\"><div class=\"vc_column-inner\"><div class=\"wpb_wrapper\"><div class=\"vc_row wpb_row vc_inner vc_row-fluid vc_custom_1592669359676\" ><div class=\"wpb_column vc_column_container vc_col-sm-12\"><div class=\"vc_column-inner\"><div class=\"wpb_wrapper\"><div class=\"mkdf-section-title-holder\" style=\"text-align: center\">\n\t<div class=\"mkdf-st-inner\">\n\t\t\t\t\t<h5 class=\"mkdf-st-subtitle\" >\n\t\t\t\tSamm-sammult\t\t\t<\/h5>\n\t\t\t\t\t\t\t<h3 class=\"mkdf-st-title\" >\n\t\t\t\tKuidas teha broneeringuid\t\t\t<\/h3>\n\t\t\t\t\t<\/div>\n<\/div><\/div><\/div><\/div><\/div><\/div><\/div><\/div><\/div><div class=\"mkdf-row-grid-section-wrapper\"  ><div class=\"mkdf-row-grid-section\"><div class=\"vc_row wpb_row vc_row-fluid vc_custom_1592669271101\" ><div class=\"wpb_column vc_column_container vc_col-sm-6\" id=\"book\"><div class=\"vc_column-inner\"><div class=\"wpb_wrapper\">\n\t<div  class=\"wpb_single_image wpb_content_element vc_align_center  wpb_animate_when_almost_visible wpb_zoomIn zoomIn\">\n\t\t\n\t\t<figure class=\"wpb_wrapper vc_figure\">\n\t\t\t<div class=\"vc_single_image-wrapper vc_box_outline  vc_box_border_sandy_brown\"><img loading=\"lazy\" decoding=\"async\" data-vc-zoom=\"https:\/\/birdwatchinguide.com\/wp-content\/uploads\/2021\/12\/Screen-Shot-2021-12-02-at-4.23.11-PM.png\" class=\"vc_single_image-img\" src=\"https:\/\/birdwatchinguide.com\/wp-content\/uploads\/2021\/12\/Screen-Shot-2021-12-02-at-4.23.11-PM-350x265.png\" width=\"350\" height=\"265\" alt=\"Screen Shot 2021-12-02 kell 4.23.11 PM\" title=\"Screen Shot 2021-12-02 kell 4.23.11 PM\" \/><\/div>\n\t\t<\/figure>\n\t<\/div>\n<\/div><\/div><\/div><div class=\"wpb_column vc_column_container vc_col-sm-6\"><div class=\"vc_column-inner\"><div class=\"wpb_wrapper\"><div class=\"vc_empty_space\"   style=\"height: 50px\"><span class=\"vc_empty_space_inner\"><\/span><\/div><div class=\"mkdf-section-title-holder\" style=\"text-align: center\">\n\t<div class=\"mkdf-st-inner\">\n\t\t\t\t\t\t\t<h3 class=\"mkdf-st-title\" style=\"color: #ff681a\">\n\t\t\t\t1. Valige Tour\t\t\t<\/h3>\n\t\t\t\t\t<\/div>\n<\/div>\n\t<div class=\"wpb_text_column wpb_content_element\" >\n\t\t<div class=\"wpb_wrapper\">\n\t\t\t<h6 style=\"text-align: center;\">Vaata\/broneeri ekskursioone v\u00f5i ekskursioone<\/h6>\n<h6 style=\"text-align: center;\">olete huvitatud.<\/h6>\n\n\t\t<\/div>\n\t<\/div>\n<\/div><\/div><\/div><\/div><\/div><\/div><div class=\"mkdf-row-grid-section-wrapper\"  ><div class=\"mkdf-row-grid-section\"><div class=\"vc_row wpb_row vc_row-fluid vc_custom_1592556490958\" ><div class=\"wpb_column vc_column_container vc_col-sm-6\"><div class=\"vc_column-inner\"><div class=\"wpb_wrapper\"><div class=\"vc_empty_space\"   style=\"height: 100px\"><span class=\"vc_empty_space_inner\"><\/span><\/div><div class=\"mkdf-section-title-holder\" style=\"text-align: center\">\n\t<div class=\"mkdf-st-inner\">\n\t\t\t\t\t\t\t<h3 class=\"mkdf-st-title\" style=\"color: #ff681a\">\n\t\t\t\t2. BRONEERI PRAEGU\t\t\t<\/h3>\n\t\t\t\t\t<\/div>\n<\/div>\n\t<div class=\"wpb_text_column wpb_content_element\" >\n\t\t<div class=\"wpb_wrapper\">\n\t\t\t<h6 style=\"text-align: center;\">Valige kuup\u00e4ev, t\u00e4itke muud andmed<\/h6>\n<h6 style=\"text-align: center;\">ja vajutage nuppu <strong>Lisa ostukorvi &gt;<\/strong><\/h6>\n\n\t\t<\/div>\n\t<\/div>\n<\/div><\/div><\/div><div class=\"wpb_column vc_column_container vc_col-sm-6\"><div class=\"vc_column-inner vc_custom_1592478221095\"><div class=\"wpb_wrapper\">\n\t<div  class=\"wpb_single_image wpb_content_element vc_align_center  wpb_animate_when_almost_visible wpb_zoomIn zoomIn\">\n\t\t\n\t\t<figure class=\"wpb_wrapper vc_figure\">\n\t\t\t<div class=\"vc_single_image-wrapper vc_box_outline  vc_box_border_sandy_brown\"><img loading=\"lazy\" decoding=\"async\" data-vc-zoom=\"https:\/\/birdwatchinguide.com\/wp-content\/uploads\/2021\/12\/Screen-Shot-2021-12-02-at-4.30.43-PM.png\" class=\"vc_single_image-img\" src=\"https:\/\/birdwatchinguide.com\/wp-content\/uploads\/2021\/12\/Screen-Shot-2021-12-02-at-4.30.43-PM-350x350.png\" width=\"350\" height=\"350\" alt=\"Screen Shot 2021-12-02 kell 4.30.43 PM\" title=\"Screen Shot 2021-12-02 kell 4.30.43 PM\" \/><\/div>\n\t\t<\/figure>\n\t<\/div>\n<\/div><\/div><\/div><\/div><\/div><\/div><div class=\"mkdf-row-grid-section-wrapper\"  ><div class=\"mkdf-row-grid-section\"><div class=\"vc_row wpb_row vc_row-fluid vc_custom_1592556483009\" ><div class=\"wpb_column vc_column_container vc_col-sm-6\"><div class=\"vc_column-inner\"><div class=\"wpb_wrapper\">\n\t<div  class=\"wpb_single_image wpb_content_element vc_align_center  wpb_animate_when_almost_visible wpb_zoomIn zoomIn\">\n\t\t\n\t\t<figure class=\"wpb_wrapper vc_figure\">\n\t\t\t<div class=\"vc_single_image-wrapper vc_box_outline  vc_box_border_sandy_brown\"><img loading=\"lazy\" decoding=\"async\" data-vc-zoom=\"https:\/\/birdwatchinguide.com\/wp-content\/uploads\/2021\/12\/Screen-Shot-2021-12-02-at-4.35.52-PM-e1638488841351.png\" class=\"vc_single_image-img\" src=\"https:\/\/birdwatchinguide.com\/wp-content\/uploads\/2021\/12\/Screen-Shot-2021-12-02-at-4.35.52-PM-e1638488841351-350x350.png\" width=\"350\" height=\"350\" alt=\"Screen Shot 2021-12-02 kell 4.35.52 PM\" title=\"Screen Shot 2021-12-02 kell 4.35.52 PM\" \/><\/div>\n\t\t<\/figure>\n\t<\/div>\n<\/div><\/div><\/div><div class=\"wpb_column vc_column_container vc_col-sm-6\"><div class=\"vc_column-inner vc_custom_1592478221095\"><div class=\"wpb_wrapper\"><div class=\"vc_empty_space\"   style=\"height: 50px\"><span class=\"vc_empty_space_inner\"><\/span><\/div><div class=\"mkdf-section-title-holder\" style=\"text-align: center\">\n\t<div class=\"mkdf-st-inner\">\n\t\t\t\t\t\t\t<h3 class=\"mkdf-st-title\" style=\"color: #ff681a\">\n\t\t\t\t3. KASSAPROTSESS\t\t\t<\/h3>\n\t\t\t\t\t<\/div>\n<\/div>\n\t<div class=\"wpb_text_column wpb_content_element\" >\n\t\t<div class=\"wpb_wrapper\">\n\t\t\t<h6 style=\"text-align: center;\">Palun kontrollige k\u00f5iki tooteid, mida olete oma ostukorvi lisanud,<\/h6>\n<h6 style=\"text-align: center;\">t\u00e4itke oma kontaktandmed<\/h6>\n<h6 style=\"text-align: center;\">ja vajutage COMPLETE AND PAY<\/h6>\n\n\t\t<\/div>\n\t<\/div>\n<\/div><\/div><\/div><\/div><\/div><\/div><div class=\"vc_row wpb_row vc_row-fluid vc_custom_1592691905252\" ><div class=\"wpb_column vc_column_container vc_col-sm-12\"><div class=\"vc_column-inner\"><div class=\"wpb_wrapper\"><div class=\"vc_separator wpb_content_element vc_separator_align_center vc_sep_width_100 vc_sep_pos_align_center vc_separator_no_text\" ><span class=\"vc_sep_holder vc_sep_holder_l\"><span  style=\"border-color:#ff681a;\" class=\"vc_sep_line\"><\/span><\/span><span class=\"vc_sep_holder vc_sep_holder_r\"><span  style=\"border-color:#ff681a;\" class=\"vc_sep_line\"><\/span><\/span>\n<\/div><\/div><\/div><\/div><\/div><div class=\"mkdf-row-grid-section-wrapper\"  ><div class=\"mkdf-row-grid-section\"><div class=\"vc_row wpb_row vc_row-fluid vc_custom_1592691934782\" ><div class=\"wpb_column vc_column_container vc_col-sm-12\" id=\"advantage\"><div class=\"vc_column-inner\"><div class=\"wpb_wrapper\"><div class=\"mkdf-section-title-holder\" style=\"text-align: center\">\n\t<div class=\"mkdf-st-inner\">\n\t\t\t\t\t\t\t<h3 class=\"mkdf-st-title\" >\n\t\t\t\tOnline broneerimise eelised\t\t\t<\/h3>\n\t\t\t\t\t<\/div>\n<\/div>\n\t<div class=\"wpb_text_column wpb_content_element\" >\n\t\t<div class=\"wpb_wrapper\">\n\t\t\t<h5>Mugavus<\/h5>\n<p>\u00dcks eelis, mida pakub ekskursiooni, hotelli v\u00f5i autorendi broneerimine internetis, on mugavus. V\u00f5imalus teha k\u00f5ik oma reisiplaanid internetis t\u00e4hendab, et saate seda teha mis tahes ajal p\u00e4eval v\u00f5i \u00f6\u00f6sel, kui olete reisil. Meie klienditeeninduse spetsialistid on v\u00f5rgus 24\/7. Pole vaja pikki telefonik\u00f5nesid ega reisib\u00fcroo k\u00fclastusi - vaid m\u00f5ne minutiga ja \u00fche kl\u00f5psuga on k\u00f5ik teie plaanid l\u00f5plikult vormistatud.<\/p>\n<h5>Hinnad<\/h5>\n<p>Suur eelis broneeringute tegemisel internetis on madalad hinnad - ei mingeid t\u00e4iendavaid varjatud tasusid. K\u00f5ik meie ekskursioonid ja ekskursioonid on madala hinnaga Online. Saate v\u00f5rrelda hindu ja valida oma maitsele ja eelarvele sobivaima, k\u00f5ik \u00fches kohas.<\/p>\n<h5>Muudatused ja t\u00fchistamised<\/h5>\n<p>Meie k\u00fclastajatel on lihtne muuta v\u00f5i t\u00fchistada oma veebip\u00f5hiseid broneeringuid. Kui soovite oma broneeringut muuta v\u00f5i t\u00fchistada, v\u00f5tke meiega lihtsalt \u00fchendust live-chati kaudu v\u00f5i saatke meile e-kirja.<\/p>\n<h5>Klientide hinnangud<\/h5>\n<p>Broneeringu tegemine telefoni teel v\u00f5i reisib\u00fcroos ei v\u00f5imalda teil kontrollida varasemate klientide kogemusi. Veel \u00fcks eelis, mis on meie juures internetis broneeringu tegemisel, on v\u00f5imalus n\u00e4ha klientide kommentaare.<\/p>\n<h5>Turvalisus<\/h5>\n<p>Te ei pea puhkuse ajal muretsema raha taskus hoidmise p\u00e4rast. Te ei pea m\u00f5tlema, kust v\u00f5tta raha v\u00e4lja ja kui palju te maksate tasu, kas te saate maksta dollarites v\u00f5i muus valuutas jne... See on veel \u00fcks eelis, mis on broneeringu online.<\/p>\n<h5>Mobiilipiletid<\/h5>\n<p>Broneerimispiletit ei ole vaja v\u00e4lja printida. Lihtsalt n\u00e4idake piletit telefonis.<\/p>\n\n\t\t<\/div>\n\t<\/div>\n<\/div><\/div><\/div><\/div><\/div><\/div><div class=\"vc_row wpb_row vc_row-fluid vc_custom_1592691919052\" ><div class=\"wpb_column vc_column_container vc_col-sm-12\"><div class=\"vc_column-inner\"><div class=\"wpb_wrapper\"><div class=\"vc_separator wpb_content_element vc_separator_align_center vc_sep_width_100 vc_sep_pos_align_center vc_separator_no_text\" ><span class=\"vc_sep_holder vc_sep_holder_l\"><span  style=\"border-color:#ff681a;\" class=\"vc_sep_line\"><\/span><\/span><span class=\"vc_sep_holder vc_sep_holder_r\"><span  style=\"border-color:#ff681a;\" class=\"vc_sep_line\"><\/span><\/span>\n<\/div><\/div><\/div><\/div><\/div><div class=\"mkdf-row-grid-section-wrapper\"  ><div class=\"mkdf-row-grid-section\"><div class=\"vc_row wpb_row vc_row-fluid\" ><div class=\"wpb_column vc_column_container vc_col-sm-12\" id=\"paypal\"><div class=\"vc_column-inner\"><div class=\"wpb_wrapper\">\n\t<div class=\"wpb_text_column wpb_content_element\" >\n\t\t<div class=\"wpb_wrapper\">\n\t\t\t<h3 style=\"text-align: center;\">Paypal makseviis<\/h3>\n\n\t\t<\/div>\n\t<\/div>\n\n\t<div class=\"wpb_text_column wpb_content_element\" >\n\t\t<div class=\"wpb_wrapper\">\n\t\t\t<h5 style=\"text-align: center;\"><span style=\"color: #ff681a;\">Kuidas Paypal t\u00f6\u00f6tab? K\u00f5ik, mida pead teadma maksete t\u00f6\u00f6tlemisest Paypaliga<\/span><\/h5>\n\n\t\t<\/div>\n\t<\/div>\n\n\t<div class=\"wpb_text_column wpb_content_element\" >\n\t\t<div class=\"wpb_wrapper\">\n\t\t\t<p style=\"text-align: center;\">Selle asemel, et sisestada oma krediitkaardi andmed otse, saate kasutada teenuse PayPal makse t\u00f6\u00f6tlemiseks. Enne kui saate neid kassas\u00fcsteemis kasutada, peate looma konto ja registreerima oma krediit- v\u00f5i deebetkaardi. Seej\u00e4rel, kui olete valmis ostu sooritama, valige \u00fcks neist teistest maksev\u00f5imalustest. Sisestate ainult oma kasutajanime ja salas\u00f5na selle konkreetse teenuse jaoks ning kolmas osapool t\u00f6\u00f6tleb tehingu teie esitatud makseteabe alusel. Paypal on \u00fclemaailmne veebimakseprotsessor, mis on <strong>mida usaldavad tuhanded ettev\u00f5tted kogu maailmas<\/strong>.<\/p>\n<p class=\"common-BodyText\"><strong>Paypal aktsepteerib k\u00f5ik peamised deebet- ja krediitkaardid klientidelt igas riigis:<\/strong><\/p>\n<h6><a href=\"https:\/\/www.ticketswhales.com\/wp-content\/uploads\/2020\/06\/96-966814_no-title-credit-card-paypal-logo-hd-png.png\" target=\"_blank\" rel=\"noopener\"><img loading=\"lazy\" decoding=\"async\" class=\"alignnone wp-image-10948\" src=\"https:\/\/www.ticketswhales.com\/wp-content\/uploads\/2020\/06\/96-966814_no-title-credit-card-paypal-logo-hd-png-300x98.png\" alt=\"\" width=\"315\" height=\"103\" srcset=\"https:\/\/birdwatchinguide.com\/wp-content\/uploads\/2020\/06\/96-966814_no-title-credit-card-paypal-logo-hd-png-300x98.png 300w, https:\/\/birdwatchinguide.com\/wp-content\/uploads\/2020\/06\/96-966814_no-title-credit-card-paypal-logo-hd-png-600x197.png 600w, https:\/\/birdwatchinguide.com\/wp-content\/uploads\/2020\/06\/96-966814_no-title-credit-card-paypal-logo-hd-png-64x21.png 64w, https:\/\/birdwatchinguide.com\/wp-content\/uploads\/2020\/06\/96-966814_no-title-credit-card-paypal-logo-hd-png-768x252.png 768w, https:\/\/birdwatchinguide.com\/wp-content\/uploads\/2020\/06\/96-966814_no-title-credit-card-paypal-logo-hd-png.png 860w\" sizes=\"auto, (max-width: 315px) 100vw, 315px\" \/><\/a><\/h6>\n<h6>Kui soovite maksta PAYPALi kaudu, valige palun valik \u2192 Paypal'i kontoga maksmine.<\/h6>\n\n\t\t<\/div>\n\t<\/div>\n<\/div><\/div><\/div><\/div><\/div><\/div><div class=\"mkdf-row-grid-section-wrapper\"  ><div class=\"mkdf-row-grid-section\"><div class=\"vc_row wpb_row vc_row-fluid\" ><div class=\"wpb_column vc_column_container vc_col-sm-12\"><div class=\"vc_column-inner\"><div class=\"wpb_wrapper\">\n\t<div class=\"wpb_text_column wpb_content_element\" >\n\t\t<div class=\"wpb_wrapper\">\n\t\t\t<h4><span style=\"color: #ff681a;\">Oluline!<\/span><\/h4>\n<p>Palun kontrollige<strong> teie krediitkaardi t\u00fc\u00fcp<\/strong> mida kasutate, nt Visa, Mastercard, Discover, American Express ja <strong>valida krediitkaardiprotsessor<\/strong> nt Stripe, Paypal v\u00f5i PayU. Kui teie valitud krediitkaardiprotsessor <strong>ei aktsepteeri teie t\u00fc\u00fcpi krediitkaarti<\/strong>, siis kasutage teist t\u00fc\u00fcpi krediiti v\u00f5i teistsugust krediitkaardiprotsessorit. (American Expressi ja Discoveri puhul v\u00f5ib see juhtuda sagedamini kui American Expressi ja Discoveri puhul. <a href=\"https:\/\/www.thebalance.com\/best-visa-credit-cards-4767794\" data-component=\"link\" data-source=\"inlineLink\" data-type=\"internalLink\" data-ordinal=\"1\" target=\"_blank\" rel=\"noopener\">Viisa\u00a0<\/a>v\u00f5i Mastercard).<\/p>\n<p>Veenduge ka, et teie krediitkaart <strong>see on aktiivne<\/strong> ja teil on <strong>piisavalt vaba krediiti<\/strong> teie kontol enne tehingu l\u00f5puleviimist. Vastasel juhul l\u00fckatakse tehing tagasi.<\/p>\n\n\t\t<\/div>\n\t<\/div>\n<div class=\"vc_empty_space\"   style=\"height: 32px\"><span class=\"vc_empty_space_inner\"><\/span><\/div><\/div><\/div><\/div><\/div><\/div><\/div><div class=\"vc_row wpb_row vc_row-fluid vc_custom_1592691919052\" ><div class=\"wpb_column vc_column_container vc_col-sm-12\"><div class=\"vc_column-inner\"><div class=\"wpb_wrapper\"><div class=\"vc_separator wpb_content_element vc_separator_align_center vc_sep_width_100 vc_sep_pos_align_center vc_separator_no_text\" ><span class=\"vc_sep_holder vc_sep_holder_l\"><span  style=\"border-color:#ff681a;\" class=\"vc_sep_line\"><\/span><\/span><span class=\"vc_sep_holder vc_sep_holder_r\"><span  style=\"border-color:#ff681a;\" class=\"vc_sep_line\"><\/span><\/span>\n<\/div><\/div><\/div><\/div><\/div><div class=\"mkdf-row-grid-section-wrapper\"  ><div class=\"mkdf-row-grid-section\"><div class=\"vc_row wpb_row vc_row-fluid\" ><div class=\"wpb_column vc_column_container vc_col-sm-12\"><div class=\"vc_column-inner\"><div class=\"wpb_wrapper\">\n\t<div class=\"wpb_text_column wpb_content_element\" >\n\t\t<div class=\"wpb_wrapper\">\n\t\t\t<h2>T\u00fchistamise poliitika<\/h2>\n<p>Due Covid - 19 ja k\u00f5ik t\u00fchistamised protsessi p\u00e4rast makse krediitkaardiga v\u00f5i Paypal.<\/p>\n<p>Kliendid saavad vaut\u0161eri makse, kui nad teevad kohustusliku 50% sissemakse. Seda vaut\u0161erit saab kasutada piletite kinnitusena.<\/p>\n<h4>Liitumise reeglid.<\/h4>\n<p>Reisi t\u00fchistamine peab toimuma 14 p\u00e4eva enne tegevuse toimumise kuup\u00e4eva. Sellisel juhul saavad kliendid kogu summa deposiidist. Kui t\u00fchistamine ei ole vahel 14 p\u00e4eva pileteid ei saa tagastada, kuid kliendid saavad muuta kuup\u00e4eva.<\/p>\n<p>Juhul, kui kliendid ei ilmu reisi kuup\u00e4eval kohale. Raha l\u00e4heb kaduma.<\/p>\n<h4>Erar\u00fchmade reeglid.<\/h4>\n<p>Reisi t\u00fchistamine peab toimuma 20 p\u00e4eva enne tegevuse toimumise kuup\u00e4eva. Sellisel juhul saavad kliendid kogu summa deposiidist. Kui t\u00fchistamine ei ole vahemikus 20 p\u00e4eva pileteid ei saa tagastada, kuid kliendid saavad muuta kuup\u00e4eva.<\/p>\n<p>Juhul, kui kliendid ei ilmu reisi kuup\u00e4eval kohale. Raha l\u00e4heb kaduma.<\/p>\n<p>&nbsp;<\/p>\n<p><strong>Uuendus 02\/01\/2021<\/strong><\/p>\n\n\t\t<\/div>\n\t<\/div>\n<\/div><\/div><\/div><\/div><\/div><\/div>","protected":false},"excerpt":{"rendered":"by Silven International Online Booking Guide Fast Links: 1. How to Make Reservations 2. Advantages of Booking Online 3. Payment Methods Step by Step How To Make Reservations 1. Select Tour VIEW\/BOOK Tours or Excursions you are interested in. 2. [...]","protected":false},"author":1,"featured_media":0,"parent":0,"menu_order":0,"comment_status":"closed","ping_status":"closed","template":"full-width.php","meta":{"footnotes":""},"class_list":["post-10859","page","type-page","status-publish","hentry"],"_links":{"self":[{"href":"https:\/\/birdwatchinguide.com\/et\/wp-json\/wp\/v2\/pages\/10859","targetHints":{"allow":["GET"]}}],"collection":[{"href":"https:\/\/birdwatchinguide.com\/et\/wp-json\/wp\/v2\/pages"}],"about":[{"href":"https:\/\/birdwatchinguide.com\/et\/wp-json\/wp\/v2\/types\/page"}],"author":[{"embeddable":true,"href":"https:\/\/birdwatchinguide.com\/et\/wp-json\/wp\/v2\/users\/1"}],"replies":[{"embeddable":true,"href":"https:\/\/birdwatchinguide.com\/et\/wp-json\/wp\/v2\/comments?post=10859"}],"version-history":[{"count":0,"href":"https:\/\/birdwatchinguide.com\/et\/wp-json\/wp\/v2\/pages\/10859\/revisions"}],"wp:attachment":[{"href":"https:\/\/birdwatchinguide.com\/et\/wp-json\/wp\/v2\/media?parent=10859"}],"curies":[{"name":"wp","href":"https:\/\/api.w.org\/{rel}","templated":true}]}}